{"id":1343,"date":"2024-06-04T14:29:08","date_gmt":"2024-06-04T12:29:08","guid":{"rendered":"https:\/\/kreivoadr.com\/avis-legal\/"},"modified":"2024-09-12T10:13:42","modified_gmt":"2024-09-12T08:13:42","slug":"aviso-legal","status":"publish","type":"page","link":"https:\/\/kreivoadr.com\/es\/aviso-legal\/","title":{"rendered":"Av\u00eds legal"},"content":{"rendered":"\n<h2 class=\"wp-block-heading\"><strong>Aviso Legal<\/strong><\/h2>\n\n\n\n<h3 class=\"wp-block-heading\">1. Informaci\u00f3n General<\/h3>\n\n\n\n<p>En cumplimiento de la obligaci\u00f3n de informaci\u00f3n establecida por la Ley 34\/2002, de 11 de julio, de Servicios de la Sociedad de la Informaci\u00f3n y Comercio Electr\u00f3nico (LSSICE), se facilitan a continuaci\u00f3n los datos de la empresa titular del sitio web <strong><a href=\"http:\/\/www.kreivoadr.com\">www.kreivoadr.com<\/a><\/strong>:<\/p>\n\n\n\n<ul class=\"wp-block-list\">\n<li><strong>Titular<\/strong>: Mediaci\u00f3n y Convivencia, SL<\/li>\n\n\n\n<li><strong>CIF<\/strong>: B64386360<\/li>\n\n\n\n<li><strong>Domicilio<\/strong>: C\/Muntaner, 379 3\u00ba2\u00baB, 08021 Barcelona<\/li>\n\n\n\n<li><strong>Correo electr\u00f3nico<\/strong>: <a>info@kreivoadr.com<\/a><\/li>\n\n\n\n<li><strong>Tel\u00e9fono<\/strong>: +34 667 90 77 01<\/li>\n<\/ul>\n\n\n\n<h3 class=\"wp-block-heading\">2. Propiedad Intelectual e Industrial<\/h3>\n\n\n\n<p>Los contenidos de este sitio web, incluyendo, entre otros, textos, im\u00e1genes, dise\u00f1os gr\u00e1ficos, logotipos y marcas, est\u00e1n protegidos por la legislaci\u00f3n vigente en materia de propiedad intelectual e industrial. Queda prohibida la reproducci\u00f3n, distribuci\u00f3n, modificaci\u00f3n o cualquier otro uso de los contenidos sin el previo consentimiento expreso del titular.<\/p>\n\n\n\n<h3 class=\"wp-block-heading\">3. Limitaci\u00f3n de Responsabilidad<\/h3>\n\n\n\n<p>La empresa no se hace responsable de los da\u00f1os o perjuicios que puedan derivarse del uso indebido de este sitio web, as\u00ed como de los enlaces a contenidos externos que puedan redirigir a otros sitios web. Estos enlaces tienen \u00fanicamente una finalidad informativa y la empresa no controla ni responde de los mismos.<\/p>\n\n\n\n<h3 class=\"wp-block-heading\">4. Legislaci\u00f3n Aplicable y Jurisdicci\u00f3n<\/h3>\n\n\n\n<p>Este aviso legal se rige por la legislaci\u00f3n espa\u00f1ola. Para cualquier controversia que pudiera surgir en relaci\u00f3n con el sitio web o su contenido, ser\u00e1n competentes los juzgados y tribunales de la ciudad de Barcelona.<\/p>\n","protected":false},"excerpt":{"rendered":"<p>Aviso Legal 1. Informaci\u00f3n General En cumplimiento de la obligaci\u00f3n de informaci\u00f3n establecida por la Ley 34\/2002, de 11 de julio, de Servicios de la Sociedad de la Informaci\u00f3n y Comercio Electr\u00f3nico (LSSICE), se facilitan a continuaci\u00f3n los datos de la empresa titular del sitio web www.kreivoadr.com: 2. Propiedad Intelectual e Industrial Los contenidos de&#8230;<\/p>\n","protected":false},"author":1,"featured_media":0,"parent":0,"menu_order":0,"comment_status":"closed","ping_status":"closed","template":"","meta":{"_kad_post_transparent":"","_kad_post_title":"","_kad_post_layout":"","_kad_post_sidebar_id":"","_kad_post_content_style":"","_kad_post_vertical_padding":"","_kad_post_feature":"","_kad_post_feature_position":"","_kad_post_header":false,"_kad_post_footer":false,"footnotes":""},"class_list":["post-1343","page","type-page","status-publish","hentry"],"_links":{"self":[{"href":"https:\/\/kreivoadr.com\/es\/wp-json\/wp\/v2\/pages\/1343","targetHints":{"allow":["GET"]}}],"collection":[{"href":"https:\/\/kreivoadr.com\/es\/wp-json\/wp\/v2\/pages"}],"about":[{"href":"https:\/\/kreivoadr.com\/es\/wp-json\/wp\/v2\/types\/page"}],"author":[{"embeddable":true,"href":"https:\/\/kreivoadr.com\/es\/wp-json\/wp\/v2\/users\/1"}],"replies":[{"embeddable":true,"href":"https:\/\/kreivoadr.com\/es\/wp-json\/wp\/v2\/comments?post=1343"}],"version-history":[{"count":2,"href":"https:\/\/kreivoadr.com\/es\/wp-json\/wp\/v2\/pages\/1343\/revisions"}],"predecessor-version":[{"id":1374,"href":"https:\/\/kreivoadr.com\/es\/wp-json\/wp\/v2\/pages\/1343\/revisions\/1374"}],"wp:attachment":[{"href":"https:\/\/kreivoadr.com\/es\/wp-json\/wp\/v2\/media?parent=1343"}],"curies":[{"name":"wp","href":"https:\/\/api.w.org\/{rel}","templated":true}]}}