{"id":1341,"date":"2024-06-04T14:28:58","date_gmt":"2024-06-04T12:28:58","guid":{"rendered":"https:\/\/kreivoadr.com\/politica-de-cookies\/"},"modified":"2024-09-12T10:16:44","modified_gmt":"2024-09-12T08:16:44","slug":"politica-de-cookies-es","status":"publish","type":"page","link":"https:\/\/kreivoadr.com\/es\/politica-de-cookies-es\/","title":{"rendered":"Pol\u00edtica de cookies"},"content":{"rendered":"\n<h2 class=\"wp-block-heading\"><strong>Pol\u00edtica de Cookies<\/strong><\/h2>\n\n\n\n<h3 class=\"wp-block-heading\">1. \u00bfQu\u00e9 son las cookies?<\/h3>\n\n\n\n<p>Las cookies son peque\u00f1os archivos de texto que se almacenan en el dispositivo del usuario (ordenador, tel\u00e9fono m\u00f3vil, tableta, etc.) cuando visita un sitio web. Sirven para mejorar la experiencia de navegaci\u00f3n y proporcionar servicios personalizados, como recordar las preferencias del usuario o reconocerlo en futuras visitas.<\/p>\n\n\n\n<h3 class=\"wp-block-heading\">2. Tipos de cookies utilizadas<\/h3>\n\n\n\n<p>Este sitio web utiliza las siguientes categor\u00edas de cookies:<\/p>\n\n\n\n<ul class=\"wp-block-list\">\n<li><strong>Cookies t\u00e9cnicas<\/strong>: Son esenciales para el funcionamiento correcto del sitio web, permitiendo la navegaci\u00f3n y el uso de sus funcionalidades b\u00e1sicas.<\/li>\n\n\n\n<li><strong>Cookies de an\u00e1lisis<\/strong>: Nos permiten medir y analizar el comportamiento de los usuarios en el sitio web para mejorar su funcionamiento.<\/li>\n\n\n\n<li><strong>Cookies de personalizaci\u00f3n<\/strong>: Permiten recordar las preferencias del usuario, como el idioma o la configuraci\u00f3n regional.<\/li>\n<\/ul>\n\n\n\n<h3 class=\"wp-block-heading\">3. \u00bfC\u00f3mo gestionar las cookies?<\/h3>\n\n\n\n<p>El usuario puede gestionar, bloquear o eliminar las cookies configurando las opciones de su navegador. En caso de bloquearlas, algunas funcionalidades del sitio web podr\u00edan no estar disponibles. A continuaci\u00f3n, se muestran enlaces con instrucciones para algunos de los navegadores m\u00e1s comunes:<\/p>\n\n\n\n<ul class=\"wp-block-list\">\n<li><a>Google Chrome<\/a><\/li>\n\n\n\n<li><a href=\"https:\/\/support.mozilla.org\/es\/kb\/cookies-informacion-que-los-sitios-web-guardan-en-\">Mozilla Firefox<\/a><\/li>\n\n\n\n<li><a href=\"https:\/\/support.apple.com\/es-es\/guide\/safari\/sfri11471\/mac\">Safari<\/a><\/li>\n<\/ul>\n","protected":false},"excerpt":{"rendered":"<p>Pol\u00edtica de Cookies 1. \u00bfQu\u00e9 son las cookies? Las cookies son peque\u00f1os archivos de texto que se almacenan en el dispositivo del usuario (ordenador, tel\u00e9fono m\u00f3vil, tableta, etc.) cuando visita un sitio web. Sirven para mejorar la experiencia de navegaci\u00f3n y proporcionar servicios personalizados, como recordar las preferencias del usuario o reconocerlo en futuras visitas&#8230;.<\/p>\n","protected":false},"author":1,"featured_media":0,"parent":0,"menu_order":0,"comment_status":"closed","ping_status":"closed","template":"","meta":{"_kad_post_transparent":"","_kad_post_title":"","_kad_post_layout":"","_kad_post_sidebar_id":"","_kad_post_content_style":"","_kad_post_vertical_padding":"","_kad_post_feature":"","_kad_post_feature_position":"","_kad_post_header":false,"_kad_post_footer":false,"footnotes":""},"class_list":["post-1341","page","type-page","status-publish","hentry"],"_links":{"self":[{"href":"https:\/\/kreivoadr.com\/es\/wp-json\/wp\/v2\/pages\/1341","targetHints":{"allow":["GET"]}}],"collection":[{"href":"https:\/\/kreivoadr.com\/es\/wp-json\/wp\/v2\/pages"}],"about":[{"href":"https:\/\/kreivoadr.com\/es\/wp-json\/wp\/v2\/types\/page"}],"author":[{"embeddable":true,"href":"https:\/\/kreivoadr.com\/es\/wp-json\/wp\/v2\/users\/1"}],"replies":[{"embeddable":true,"href":"https:\/\/kreivoadr.com\/es\/wp-json\/wp\/v2\/comments?post=1341"}],"version-history":[{"count":2,"href":"https:\/\/kreivoadr.com\/es\/wp-json\/wp\/v2\/pages\/1341\/revisions"}],"predecessor-version":[{"id":1387,"href":"https:\/\/kreivoadr.com\/es\/wp-json\/wp\/v2\/pages\/1341\/revisions\/1387"}],"wp:attachment":[{"href":"https:\/\/kreivoadr.com\/es\/wp-json\/wp\/v2\/media?parent=1341"}],"curies":[{"name":"wp","href":"https:\/\/api.w.org\/{rel}","templated":true}]}}